{"id":1042,"date":"2022-06-18T17:26:06","date_gmt":"2022-06-18T15:26:06","guid":{"rendered":"https:\/\/calife.com\/?page_id=1042"},"modified":"2022-09-02T16:01:51","modified_gmt":"2022-09-02T14:01:51","slug":"unsere-sale","status":"publish","type":"page","link":"https:\/\/calife.com\/de\/nos-salles\/","title":{"rendered":"Unsere R\u00e4ume"},"content":{"rendered":"\t\t<div data-elementor-type=\"wp-page\" data-elementor-id=\"1042\" class=\"elementor elementor-1042\">\n\t\t\t\t\t\t\t\t\t<section class=\"elementor-section elementor-top-section elementor-element elementor-element-48e7c3e elementor-section-boxed elementor-section-height-default elementor-section-height-default\" data-id=\"48e7c3e\" data-element_type=\"section\" data-settings=\"{&quot;_ha_eqh_enable&quot;:false}\">\n\t\t\t\t\t\t<div class=\"elementor-container elementor-column-gap-default\">\n\t\t\t\t\t<div class=\"elementor-column elementor-col-100 elementor-top-column elementor-element elementor-element-57fca3d\" data-id=\"57fca3d\" data-element_type=\"column\">\n\t\t\t<div class=\"elementor-widget-wrap elementor-element-populated\">\n\t\t\t\t\t\t\t\t<div class=\"elementor-element elementor-element-dc584bd elementor-widget elementor-widget-spacer\" data-id=\"dc584bd\" data-element_type=\"widget\" data-widget_type=\"spacer.default\">\n\t\t\t\t<div class=\"elementor-widget-container\">\n\t\t\t<style>\/*! elementor - v3.14.0 - 18-06-2023 *\/\n.elementor-column .elementor-spacer-inner{height:var(--spacer-size)}.e-con{--container-widget-width:100%}.e-con-inner>.elementor-widget-spacer,.e-con>.elementor-widget-spacer{width:var(--container-widget-width,var(--spacer-size));--align-self:var(--container-widget-align-self,initial);--flex-shrink:0}.e-con-inner>.elementor-widget-spacer>.elementor-widget-container,.e-con-inner>.elementor-widget-spacer>.elementor-widget-container>.elementor-spacer,.e-con>.elementor-widget-spacer>.elementor-widget-container,.e-con>.elementor-widget-spacer>.elementor-widget-container>.elementor-spacer{height:100%}.e-con-inner>.elementor-widget-spacer>.elementor-widget-container>.elementor-spacer>.elementor-spacer-inner,.e-con>.elementor-widget-spacer>.elementor-widget-container>.elementor-spacer>.elementor-spacer-inner{height:var(--container-widget-height,var(--spacer-size))}<\/style>\t\t<div class=\"elementor-spacer\">\n\t\t\t<div class=\"elementor-spacer-inner\"><\/div>\n\t\t<\/div>\n\t\t\t\t<\/div>\n\t\t\t\t<\/div>\n\t\t\t\t\t<\/div>\n\t\t<\/div>\n\t\t\t\t\t\t\t<\/div>\n\t\t<\/section>\n\t\t\t\t<section class=\"elementor-section elementor-top-section elementor-element elementor-element-01353f6 elementor-section-boxed elementor-section-height-default elementor-section-height-default\" data-id=\"01353f6\" data-element_type=\"section\" data-settings=\"{&quot;_ha_eqh_enable&quot;:false}\">\n\t\t\t\t\t\t<div class=\"elementor-container elementor-column-gap-default\">\n\t\t\t\t\t<div class=\"elementor-column elementor-col-25 elementor-top-column elementor-element elementor-element-3b20e21\" data-id=\"3b20e21\" data-element_type=\"column\">\n\t\t\t<div class=\"elementor-widget-wrap elementor-element-populated\">\n\t\t\t\t\t\t\t\t<div class=\"elementor-element elementor-element-7940d40 elementor-widget elementor-widget-image\" data-id=\"7940d40\" data-element_type=\"widget\" data-widget_type=\"image.default\">\n\t\t\t\t<div class=\"elementor-widget-container\">\n\t\t\t<style>\/*! elementor - v3.14.0 - 18-06-2023 *\/\n.elementor-widget-image{text-align:center}.elementor-widget-image a{display:inline-block}.elementor-widget-image a img[src$=\".svg\"]{width:48px}.elementor-widget-image img{vertical-align:middle;display:inline-block}<\/style>\t\t\t\t\t\t\t\t\t\t\t\t<img loading=\"lazy\" decoding=\"async\" width=\"800\" height=\"534\" src=\"https:\/\/calife.com\/wp-content\/uploads\/2022\/06\/Salle-100-1-1024x683.jpg\" class=\"attachment-large size-large wp-image-1048\" alt=\"\" srcset=\"https:\/\/calife.com\/wp-content\/uploads\/2022\/06\/Salle-100-1-1024x683.jpg 1024w, https:\/\/calife.com\/wp-content\/uploads\/2022\/06\/Salle-100-1-300x200.jpg 300w, https:\/\/calife.com\/wp-content\/uploads\/2022\/06\/Salle-100-1-768x512.jpg 768w, https:\/\/calife.com\/wp-content\/uploads\/2022\/06\/Salle-100-1-18x12.jpg 18w, https:\/\/calife.com\/wp-content\/uploads\/2022\/06\/Salle-100-1.jpg 1200w\" sizes=\"auto, (max-width: 800px) 100vw, 800px\" \/>\t\t\t\t\t\t\t\t\t\t\t\t\t\t\t<\/div>\n\t\t\t\t<\/div>\n\t\t\t\t\t<\/div>\n\t\t<\/div>\n\t\t\t\t<div class=\"elementor-column elementor-col-50 elementor-top-column elementor-element elementor-element-81a240a\" data-id=\"81a240a\" data-element_type=\"column\">\n\t\t\t<div class=\"elementor-widget-wrap elementor-element-populated\">\n\t\t\t\t\t\t\t\t<div class=\"elementor-element elementor-element-10e8cce elementor-widget elementor-widget-heading\" data-id=\"10e8cce\" data-element_type=\"widget\" data-widget_type=\"heading.default\">\n\t\t\t\t<div class=\"elementor-widget-container\">\n\t\t\t<style>\/*! elementor - v3.14.0 - 18-06-2023 *\/\n.elementor-heading-title{padding:0;margin:0;line-height:1}.elementor-widget-heading .elementor-heading-title[class*=elementor-size-]>a{color:inherit;font-size:inherit;line-height:inherit}.elementor-widget-heading .elementor-heading-title.elementor-size-small{font-size:15px}.elementor-widget-heading .elementor-heading-title.elementor-size-medium{font-size:19px}.elementor-widget-heading .elementor-heading-title.elementor-size-large{font-size:29px}.elementor-widget-heading .elementor-heading-title.elementor-size-xl{font-size:39px}.elementor-widget-heading .elementor-heading-title.elementor-size-xxl{font-size:59px}<\/style><h2 class=\"elementor-heading-title elementor-size-small\"><b>SALLE - La Terrasse<\/b><br>Exclusivit\u00e9<p style=\"margin-bottom: 0in;\" id=\"Galp-83-20220618163459\" class=\"Galp\"><span style=\"; font-size: 120%;\" data-mce-style=\"; font-size: 120%;\"> sur la Seine ! Le seul pont \u00e0 Paris donnant la possibilit\u00e9 de d\u00eener \u00e0 \nla belle \u00e9toile. Ce pont prot\u00e9g\u00e9 est le plus \u00e9lev\u00e9 du bateau. Il poss\u00e8de\n une b\u00e2che r\u00e9tractable qui, lorsque la m\u00e9t\u00e9o est cl\u00e9mente, permet de \nprofiter d\u2019espace \u00e0 ciel ouvert (avec l'accord du Capitaine). <br>En cas de basse temp\u00e9rature la terrasse est enti\u00e8rement chauff\u00e9e. <br><\/span><\/p><span style=\"font-size: 120%; color: var( --e-global-color-primary ); font-family: var( --e-global-typography-primary-font-family ), Sans-serif; font-weight: var( --e-global-typography-primary-font-weight ); text-transform: var( --e-global-typography-primary-text-transform );\">Toutes les tables sont plac\u00e9es le long des baies vitr\u00e9es. !!<\/span><\/h2>\t\t<\/div>\n\t\t\t\t<\/div>\n\t\t\t\t\t<\/div>\n\t\t<\/div>\n\t\t\t\t<div class=\"elementor-column elementor-col-25 elementor-top-column elementor-element elementor-element-1024e52\" data-id=\"1024e52\" data-element_type=\"column\">\n\t\t\t<div class=\"elementor-widget-wrap elementor-element-populated\">\n\t\t\t\t\t\t\t\t<div class=\"elementor-element elementor-element-8cfc0f2 elementor-widget elementor-widget-button\" data-id=\"8cfc0f2\" data-element_type=\"widget\" data-widget_type=\"button.default\">\n\t\t\t\t<div class=\"elementor-widget-container\">\n\t\t\t\t\t<div class=\"elementor-button-wrapper\">\n\t\t\t<a class=\"elementor-button elementor-button-link elementor-size-sm\" href=\"#\">\n\t\t\t\t\t\t<span class=\"elementor-button-content-wrapper\">\n\t\t\t\t\t\t<span class=\"elementor-button-icon elementor-align-icon-left\">\n\t\t\t\t<i aria-hidden=\"true\" class=\"far fa-image\"><\/i>\t\t\t<\/span>\n\t\t\t\t\t\t<span class=\"elementor-button-text\">VISITER<\/span>\n\t\t<\/span>\n\t\t\t\t\t<\/a>\n\t\t<\/div>\n\t\t\t\t<\/div>\n\t\t\t\t<\/div>\n\t\t\t\t\t<\/div>\n\t\t<\/div>\n\t\t\t\t\t\t\t<\/div>\n\t\t<\/section>\n\t\t\t\t<section class=\"elementor-section elementor-top-section elementor-element elementor-element-49852c4 elementor-section-boxed elementor-section-height-default elementor-section-height-default\" data-id=\"49852c4\" data-element_type=\"section\" data-settings=\"{&quot;_ha_eqh_enable&quot;:false}\">\n\t\t\t\t\t\t<div class=\"elementor-container elementor-column-gap-default\">\n\t\t\t\t\t<div class=\"elementor-column elementor-col-100 elementor-top-column elementor-element elementor-element-bc6aa41\" data-id=\"bc6aa41\" data-element_type=\"column\">\n\t\t\t<div class=\"elementor-widget-wrap elementor-element-populated\">\n\t\t\t\t\t\t\t\t<div class=\"elementor-element elementor-element-fc5f421 elementor-widget elementor-widget-spacer\" data-id=\"fc5f421\" data-element_type=\"widget\" data-widget_type=\"spacer.default\">\n\t\t\t\t<div class=\"elementor-widget-container\">\n\t\t\t\t\t<div class=\"elementor-spacer\">\n\t\t\t<div class=\"elementor-spacer-inner\"><\/div>\n\t\t<\/div>\n\t\t\t\t<\/div>\n\t\t\t\t<\/div>\n\t\t\t\t\t<\/div>\n\t\t<\/div>\n\t\t\t\t\t\t\t<\/div>\n\t\t<\/section>\n\t\t\t\t<section class=\"elementor-section elementor-top-section elementor-element elementor-element-1d8f408 elementor-section-boxed elementor-section-height-default elementor-section-height-default\" data-id=\"1d8f408\" data-element_type=\"section\" data-settings=\"{&quot;_ha_eqh_enable&quot;:false}\">\n\t\t\t\t\t\t<div class=\"elementor-container elementor-column-gap-default\">\n\t\t\t\t\t<div class=\"elementor-column elementor-col-25 elementor-top-column elementor-element elementor-element-d762b8d\" data-id=\"d762b8d\" data-element_type=\"column\">\n\t\t\t<div class=\"elementor-widget-wrap elementor-element-populated\">\n\t\t\t\t\t\t\t\t<div class=\"elementor-element elementor-element-39a947c elementor-widget elementor-widget-image\" data-id=\"39a947c\" data-element_type=\"widget\" data-widget_type=\"image.default\">\n\t\t\t\t<div class=\"elementor-widget-container\">\n\t\t\t\t\t\t\t\t\t\t\t\t\t\t\t<img loading=\"lazy\" decoding=\"async\" width=\"800\" height=\"520\" src=\"https:\/\/calife.com\/wp-content\/uploads\/2022\/06\/Salle-200-2.png\" class=\"attachment-large size-large wp-image-1056\" alt=\"\" srcset=\"https:\/\/calife.com\/wp-content\/uploads\/2022\/06\/Salle-200-2.png 958w, https:\/\/calife.com\/wp-content\/uploads\/2022\/06\/Salle-200-2-300x195.png 300w, https:\/\/calife.com\/wp-content\/uploads\/2022\/06\/Salle-200-2-768x499.png 768w, https:\/\/calife.com\/wp-content\/uploads\/2022\/06\/Salle-200-2-18x12.png 18w\" sizes=\"auto, (max-width: 800px) 100vw, 800px\" \/>\t\t\t\t\t\t\t\t\t\t\t\t\t\t\t<\/div>\n\t\t\t\t<\/div>\n\t\t\t\t\t<\/div>\n\t\t<\/div>\n\t\t\t\t<div class=\"elementor-column elementor-col-50 elementor-top-column elementor-element elementor-element-c4f83ce\" data-id=\"c4f83ce\" data-element_type=\"column\">\n\t\t\t<div class=\"elementor-widget-wrap elementor-element-populated\">\n\t\t\t\t\t\t\t\t<div class=\"elementor-element elementor-element-be014e3 elementor-widget elementor-widget-heading\" data-id=\"be014e3\" data-element_type=\"widget\" data-widget_type=\"heading.default\">\n\t\t\t\t<div class=\"elementor-widget-container\">\n\t\t\t<h2 class=\"elementor-heading-title elementor-size-small\">AjLa Terrasse :<br>Exclusivit\u00e9<p style=\"margin-bottom: 0in;\" id=\"Galp-83-20220618163459\" class=\"Galp\"><span style=\"; font-size: 120%;\" data-mce-style=\"; font-size: 120%;\"> sur la Seine ! Le seul pont \u00e0 Paris donnant la possibilit\u00e9 de d\u00eener \u00e0 \nla belle \u00e9toile. Ce pont prot\u00e9g\u00e9 est le plus \u00e9lev\u00e9 du bateau. Il poss\u00e8de\n une b\u00e2che r\u00e9tractable qui, lorsque la m\u00e9t\u00e9o est cl\u00e9mente, permet de \nprofiter d\u2019espace \u00e0 ciel ouvert (avec l'accord du Capitaine). <br>En cas de basse temp\u00e9rature la terrasse est enti\u00e8rement chauff\u00e9e. <br><\/span><\/p><span style=\"font-size: 120%; color: var( --e-global-color-primary ); font-family: var( --e-global-typography-primary-font-family ), Sans-serif; font-weight: var( --e-global-typography-primary-font-weight ); text-transform: var( --e-global-typography-primary-text-transform );\">Toutes les tables sont plac\u00e9es le long des baies vitr\u00e9es. !!<\/span><\/h2>\t\t<\/div>\n\t\t\t\t<\/div>\n\t\t\t\t\t<\/div>\n\t\t<\/div>\n\t\t\t\t<div class=\"elementor-column elementor-col-25 elementor-top-column elementor-element elementor-element-e723f93\" data-id=\"e723f93\" data-element_type=\"column\">\n\t\t\t<div class=\"elementor-widget-wrap elementor-element-populated\">\n\t\t\t\t\t\t\t\t<div class=\"elementor-element elementor-element-79989e4 elementor-widget elementor-widget-button\" data-id=\"79989e4\" data-element_type=\"widget\" data-widget_type=\"button.default\">\n\t\t\t\t<div class=\"elementor-widget-container\">\n\t\t\t\t\t<div class=\"elementor-button-wrapper\">\n\t\t\t<a class=\"elementor-button elementor-button-link elementor-size-sm\" href=\"#\">\n\t\t\t\t\t\t<span class=\"elementor-button-content-wrapper\">\n\t\t\t\t\t\t<span class=\"elementor-button-icon elementor-align-icon-left\">\n\t\t\t\t<i aria-hidden=\"true\" class=\"far fa-image\"><\/i>\t\t\t<\/span>\n\t\t\t\t\t\t<span class=\"elementor-button-text\">VISITER<\/span>\n\t\t<\/span>\n\t\t\t\t\t<\/a>\n\t\t<\/div>\n\t\t\t\t<\/div>\n\t\t\t\t<\/div>\n\t\t\t\t\t<\/div>\n\t\t<\/div>\n\t\t\t\t\t\t\t<\/div>\n\t\t<\/section>\n\t\t\t\t<section class=\"elementor-section elementor-top-section elementor-element elementor-element-4cc3866 elementor-section-boxed elementor-section-height-default elementor-section-height-default\" data-id=\"4cc3866\" data-element_type=\"section\" data-settings=\"{&quot;_ha_eqh_enable&quot;:false}\">\n\t\t\t\t\t\t<div class=\"elementor-container elementor-column-gap-default\">\n\t\t\t\t\t<div class=\"elementor-column elementor-col-100 elementor-top-column elementor-element elementor-element-316baea\" data-id=\"316baea\" data-element_type=\"column\">\n\t\t\t<div class=\"elementor-widget-wrap elementor-element-populated\">\n\t\t\t\t\t\t\t\t<div class=\"elementor-element elementor-element-05300b5 elementor-widget elementor-widget-spacer\" data-id=\"05300b5\" data-element_type=\"widget\" data-widget_type=\"spacer.default\">\n\t\t\t\t<div class=\"elementor-widget-container\">\n\t\t\t\t\t<div class=\"elementor-spacer\">\n\t\t\t<div class=\"elementor-spacer-inner\"><\/div>\n\t\t<\/div>\n\t\t\t\t<\/div>\n\t\t\t\t<\/div>\n\t\t\t\t\t<\/div>\n\t\t<\/div>\n\t\t\t\t\t\t\t<\/div>\n\t\t<\/section>\n\t\t\t\t<section class=\"elementor-section elementor-top-section elementor-element elementor-element-6f72ce1 elementor-section-boxed elementor-section-height-default elementor-section-height-default\" data-id=\"6f72ce1\" data-element_type=\"section\" data-settings=\"{&quot;_ha_eqh_enable&quot;:false}\">\n\t\t\t\t\t\t<div class=\"elementor-container elementor-column-gap-default\">\n\t\t\t\t\t<div class=\"elementor-column elementor-col-25 elementor-top-column elementor-element elementor-element-a43d675\" data-id=\"a43d675\" data-element_type=\"column\">\n\t\t\t<div class=\"elementor-widget-wrap elementor-element-populated\">\n\t\t\t\t\t\t\t\t<div class=\"elementor-element elementor-element-3441c1f elementor-widget elementor-widget-image\" data-id=\"3441c1f\" data-element_type=\"widget\" data-widget_type=\"image.default\">\n\t\t\t\t<div class=\"elementor-widget-container\">\n\t\t\t\t\t\t\t\t\t\t\t\t\t\t\t<img loading=\"lazy\" decoding=\"async\" width=\"520\" height=\"390\" src=\"https:\/\/calife.com\/wp-content\/uploads\/2022\/06\/Salle-300-3.jpg\" class=\"attachment-large size-large wp-image-1067\" alt=\"\" srcset=\"https:\/\/calife.com\/wp-content\/uploads\/2022\/06\/Salle-300-3.jpg 520w, https:\/\/calife.com\/wp-content\/uploads\/2022\/06\/Salle-300-3-300x225.jpg 300w, https:\/\/calife.com\/wp-content\/uploads\/2022\/06\/Salle-300-3-16x12.jpg 16w\" sizes=\"auto, (max-width: 520px) 100vw, 520px\" \/>\t\t\t\t\t\t\t\t\t\t\t\t\t\t\t<\/div>\n\t\t\t\t<\/div>\n\t\t\t\t\t<\/div>\n\t\t<\/div>\n\t\t\t\t<div class=\"elementor-column elementor-col-50 elementor-top-column elementor-element elementor-element-2f5e297\" data-id=\"2f5e297\" data-element_type=\"column\">\n\t\t\t<div class=\"elementor-widget-wrap elementor-element-populated\">\n\t\t\t\t\t\t\t\t<div class=\"elementor-element elementor-element-eaa12be elementor-widget elementor-widget-heading\" data-id=\"eaa12be\" data-element_type=\"widget\" data-widget_type=\"heading.default\">\n\t\t\t\t<div class=\"elementor-widget-container\">\n\t\t\t<h2 class=\"elementor-heading-title elementor-size-small\">AjLa Terrasse :<br>Exclusivit\u00e9<p style=\"margin-bottom: 0in;\" id=\"Galp-83-20220618163459\" class=\"Galp\"><span style=\"; font-size: 120%;\" data-mce-style=\"; font-size: 120%;\"> sur la Seine ! Le seul pont \u00e0 Paris donnant la possibilit\u00e9 de d\u00eener \u00e0 \nla belle \u00e9toile. Ce pont prot\u00e9g\u00e9 est le plus \u00e9lev\u00e9 du bateau. Il poss\u00e8de\n une b\u00e2che r\u00e9tractable qui, lorsque la m\u00e9t\u00e9o est cl\u00e9mente, permet de \nprofiter d\u2019espace \u00e0 ciel ouvert (avec l'accord du Capitaine). <br>En cas de basse temp\u00e9rature la terrasse est enti\u00e8rement chauff\u00e9e. <br><\/span><\/p><span style=\"font-size: 120%; color: var( --e-global-color-primary ); font-family: var( --e-global-typography-primary-font-family ), Sans-serif; font-weight: var( --e-global-typography-primary-font-weight ); text-transform: var( --e-global-typography-primary-text-transform );\">Toutes les tables sont plac\u00e9es le long des baies vitr\u00e9es. !!<\/span><\/h2>\t\t<\/div>\n\t\t\t\t<\/div>\n\t\t\t\t\t<\/div>\n\t\t<\/div>\n\t\t\t\t<div class=\"elementor-column elementor-col-25 elementor-top-column elementor-element elementor-element-d2511a2\" data-id=\"d2511a2\" data-element_type=\"column\">\n\t\t\t<div class=\"elementor-widget-wrap elementor-element-populated\">\n\t\t\t\t\t\t\t\t<div class=\"elementor-element elementor-element-06171a7 elementor-widget elementor-widget-button\" data-id=\"06171a7\" data-element_type=\"widget\" data-widget_type=\"button.default\">\n\t\t\t\t<div class=\"elementor-widget-container\">\n\t\t\t\t\t<div class=\"elementor-button-wrapper\">\n\t\t\t<a class=\"elementor-button elementor-button-link elementor-size-sm\" href=\"#\">\n\t\t\t\t\t\t<span class=\"elementor-button-content-wrapper\">\n\t\t\t\t\t\t<span class=\"elementor-button-icon elementor-align-icon-left\">\n\t\t\t\t<i aria-hidden=\"true\" class=\"far fa-image\"><\/i>\t\t\t<\/span>\n\t\t\t\t\t\t<span class=\"elementor-button-text\">VISITER<\/span>\n\t\t<\/span>\n\t\t\t\t\t<\/a>\n\t\t<\/div>\n\t\t\t\t<\/div>\n\t\t\t\t<\/div>\n\t\t\t\t\t<\/div>\n\t\t<\/div>\n\t\t\t\t\t\t\t<\/div>\n\t\t<\/section>\n\t\t\t\t<section class=\"elementor-section elementor-top-section elementor-element elementor-element-a3787c6 elementor-section-boxed elementor-section-height-default elementor-section-height-default\" data-id=\"a3787c6\" data-element_type=\"section\" data-settings=\"{&quot;_ha_eqh_enable&quot;:false}\">\n\t\t\t\t\t\t<div class=\"elementor-container elementor-column-gap-default\">\n\t\t\t\t\t<div class=\"elementor-column elementor-col-100 elementor-top-column elementor-element elementor-element-0193957\" data-id=\"0193957\" data-element_type=\"column\">\n\t\t\t<div class=\"elementor-widget-wrap elementor-element-populated\">\n\t\t\t\t\t\t\t\t<div class=\"elementor-element elementor-element-3b7f8b3 elementor-widget elementor-widget-spacer\" data-id=\"3b7f8b3\" data-element_type=\"widget\" data-widget_type=\"spacer.default\">\n\t\t\t\t<div class=\"elementor-widget-container\">\n\t\t\t\t\t<div class=\"elementor-spacer\">\n\t\t\t<div class=\"elementor-spacer-inner\"><\/div>\n\t\t<\/div>\n\t\t\t\t<\/div>\n\t\t\t\t<\/div>\n\t\t\t\t\t<\/div>\n\t\t<\/div>\n\t\t\t\t\t\t\t<\/div>\n\t\t<\/section>\n\t\t\t\t<section class=\"elementor-section elementor-top-section elementor-element elementor-element-63e0c5e elementor-section-boxed elementor-section-height-default elementor-section-height-default\" data-id=\"63e0c5e\" data-element_type=\"section\" data-settings=\"{&quot;_ha_eqh_enable&quot;:false}\">\n\t\t\t\t\t\t<div class=\"elementor-container elementor-column-gap-default\">\n\t\t\t\t\t<div class=\"elementor-column elementor-col-33 elementor-top-column elementor-element elementor-element-cdd67e0\" data-id=\"cdd67e0\" data-element_type=\"column\">\n\t\t\t<div class=\"elementor-widget-wrap elementor-element-populated\">\n\t\t\t\t\t\t\t\t<div class=\"elementor-element elementor-element-20400b1 elementor-widget elementor-widget-image\" data-id=\"20400b1\" data-element_type=\"widget\" data-widget_type=\"image.default\">\n\t\t\t\t<div class=\"elementor-widget-container\">\n\t\t\t\t\t\t\t\t\t\t\t\t\t\t\t<img loading=\"lazy\" decoding=\"async\" width=\"800\" height=\"534\" src=\"https:\/\/calife.com\/wp-content\/uploads\/2022\/06\/Salle-300-2-1024x683.jpg\" class=\"attachment-large size-large wp-image-1066\" alt=\"\" srcset=\"https:\/\/calife.com\/wp-content\/uploads\/2022\/06\/Salle-300-2-1024x683.jpg 1024w, https:\/\/calife.com\/wp-content\/uploads\/2022\/06\/Salle-300-2-300x200.jpg 300w, https:\/\/calife.com\/wp-content\/uploads\/2022\/06\/Salle-300-2-768x513.jpg 768w, https:\/\/calife.com\/wp-content\/uploads\/2022\/06\/Salle-300-2-1536x1025.jpg 1536w, https:\/\/calife.com\/wp-content\/uploads\/2022\/06\/Salle-300-2-2048x1367.jpg 2048w, https:\/\/calife.com\/wp-content\/uploads\/2022\/06\/Salle-300-2-18x12.jpg 18w\" sizes=\"auto, (max-width: 800px) 100vw, 800px\" \/>\t\t\t\t\t\t\t\t\t\t\t\t\t\t\t<\/div>\n\t\t\t\t<\/div>\n\t\t\t\t\t<\/div>\n\t\t<\/div>\n\t\t\t\t<div class=\"elementor-column elementor-col-33 elementor-top-column elementor-element elementor-element-bb6ce4a\" data-id=\"bb6ce4a\" data-element_type=\"column\">\n\t\t\t<div class=\"elementor-widget-wrap elementor-element-populated\">\n\t\t\t\t\t\t\t\t<div class=\"elementor-element elementor-element-b3863c5 elementor-widget elementor-widget-heading\" data-id=\"b3863c5\" data-element_type=\"widget\" data-widget_type=\"heading.default\">\n\t\t\t\t<div class=\"elementor-widget-container\">\n\t\t\t<h2 class=\"elementor-heading-title elementor-size-small\">AjLa Terrasse :<br>Exclusivit\u00e9<p style=\"margin-bottom: 0in;\" id=\"Galp-83-20220618163459\" class=\"Galp\"><span style=\"; font-size: 120%;\" data-mce-style=\"; font-size: 120%;\"> sur la Seine ! Le seul pont \u00e0 Paris donnant la possibilit\u00e9 de d\u00eener \u00e0 \nla belle \u00e9toile. Ce pont prot\u00e9g\u00e9 est le plus \u00e9lev\u00e9 du bateau. Il poss\u00e8de\n une b\u00e2che r\u00e9tractable qui, lorsque la m\u00e9t\u00e9o est cl\u00e9mente, permet de \nprofiter d\u2019espace \u00e0 ciel ouvert (avec l'accord du Capitaine). <br>En cas de basse temp\u00e9rature la terrasse est enti\u00e8rement chauff\u00e9e. <br><\/span><\/p><span style=\"font-size: 120%; color: var( --e-global-color-primary ); font-family: var( --e-global-typography-primary-font-family ), Sans-serif; font-weight: var( --e-global-typography-primary-font-weight ); text-transform: var( --e-global-typography-primary-text-transform );\">Toutes les tables sont plac\u00e9es le long des baies vitr\u00e9es. !!<\/span><\/h2>\t\t<\/div>\n\t\t\t\t<\/div>\n\t\t\t\t\t<\/div>\n\t\t<\/div>\n\t\t\t\t<div class=\"elementor-column elementor-col-33 elementor-top-column elementor-element elementor-element-aecbcb4\" data-id=\"aecbcb4\" data-element_type=\"column\">\n\t\t\t<div class=\"elementor-widget-wrap elementor-element-populated\">\n\t\t\t\t\t\t\t\t<div class=\"elementor-element elementor-element-b2556d5 elementor-widget elementor-widget-button\" data-id=\"b2556d5\" data-element_type=\"widget\" data-widget_type=\"button.default\">\n\t\t\t\t<div class=\"elementor-widget-container\">\n\t\t\t\t\t<div class=\"elementor-button-wrapper\">\n\t\t\t<a class=\"elementor-button elementor-button-link elementor-size-sm\" href=\"#\">\n\t\t\t\t\t\t<span class=\"elementor-button-content-wrapper\">\n\t\t\t\t\t\t<span class=\"elementor-button-icon elementor-align-icon-left\">\n\t\t\t\t<i aria-hidden=\"true\" class=\"far fa-image\"><\/i>\t\t\t<\/span>\n\t\t\t\t\t\t<span class=\"elementor-button-text\">VISITER<\/span>\n\t\t<\/span>\n\t\t\t\t\t<\/a>\n\t\t<\/div>\n\t\t\t\t<\/div>\n\t\t\t\t<\/div>\n\t\t\t\t\t<\/div>\n\t\t<\/div>\n\t\t\t\t\t\t\t<\/div>\n\t\t<\/section>\n\t\t\t\t<section class=\"elementor-section elementor-top-section elementor-element elementor-element-dc71e90 elementor-section-boxed elementor-section-height-default elementor-section-height-default\" data-id=\"dc71e90\" data-element_type=\"section\" data-settings=\"{&quot;_ha_eqh_enable&quot;:false}\">\n\t\t\t\t\t\t<div class=\"elementor-container elementor-column-gap-default\">\n\t\t\t\t\t<div class=\"elementor-column elementor-col-100 elementor-top-column elementor-element elementor-element-870f5fc\" data-id=\"870f5fc\" data-element_type=\"column\">\n\t\t\t<div class=\"elementor-widget-wrap\">\n\t\t\t\t\t\t\t\t\t<\/div>\n\t\t<\/div>\n\t\t\t\t\t\t\t<\/div>\n\t\t<\/section>\n\t\t\t\t\t\t\t<\/div>\n\t\t","protected":false},"excerpt":{"rendered":"<p>SALLE &#8211; La TerrasseExclusivit\u00e9 sur la Seine ! Le seul pont \u00e0 Paris donnant la possibilit\u00e9 de d\u00eener \u00e0 la belle \u00e9toile. Ce pont prot\u00e9g\u00e9 est le plus \u00e9lev\u00e9 du bateau. Il poss\u00e8de une b\u00e2che r\u00e9tractable qui, lorsque la m\u00e9t\u00e9o est cl\u00e9mente, permet de profiter d\u2019espace \u00e0 ciel ouvert (avec l&rsquo;accord du Capitaine). En cas [&hellip;]<\/p>\n","protected":false},"author":1,"featured_media":0,"parent":0,"menu_order":0,"comment_status":"closed","ping_status":"open","template":"","meta":{"inline_featured_image":false,"footnotes":""},"class_list":["post-1042","page","type-page","status-publish","hentry"],"_links":{"self":[{"href":"https:\/\/calife.com\/de\/wp-json\/wp\/v2\/pages\/1042","targetHints":{"allow":["GET"]}}],"collection":[{"href":"https:\/\/calife.com\/de\/wp-json\/wp\/v2\/pages"}],"about":[{"href":"https:\/\/calife.com\/de\/wp-json\/wp\/v2\/types\/page"}],"author":[{"embeddable":true,"href":"https:\/\/calife.com\/de\/wp-json\/wp\/v2\/users\/1"}],"replies":[{"embeddable":true,"href":"https:\/\/calife.com\/de\/wp-json\/wp\/v2\/comments?post=1042"}],"version-history":[{"count":10,"href":"https:\/\/calife.com\/de\/wp-json\/wp\/v2\/pages\/1042\/revisions"}],"predecessor-version":[{"id":1224,"href":"https:\/\/calife.com\/de\/wp-json\/wp\/v2\/pages\/1042\/revisions\/1224"}],"wp:attachment":[{"href":"https:\/\/calife.com\/de\/wp-json\/wp\/v2\/media?parent=1042"}],"curies":[{"name":"wp","href":"https:\/\/api.w.org\/{rel}","templated":true}]}}